{"id":132,"date":"2024-09-17T18:35:42","date_gmt":"2024-09-17T16:35:42","guid":{"rendered":"https:\/\/reseau-lux.com\/les-membres-copy\/"},"modified":"2025-08-12T14:49:17","modified_gmt":"2025-08-12T12:49:17","slug":"infos-pro","status":"publish","type":"page","link":"https:\/\/reseau-lux.com\/en\/infos-pro\/","title":{"rendered":"Professional Info"},"content":{"rendered":"","protected":false},"excerpt":{"rendered":"","protected":false},"author":1,"featured_media":0,"parent":0,"menu_order":6,"comment_status":"closed","ping_status":"closed","template":"","meta":[],"class_list":["post-132","page","type-page","status-publish","hentry"],"yoast_head":"<!-- This site is optimized with the Yoast SEO plugin v27.3 - https:\/\/yoast.com\/product\/yoast-seo-wordpress\/ -->\n<title>Infos Pro - R\u00e9seau L U X<\/title>\n<meta name=\"robots\" content=\"index, follow, max-snippet:-1, max-image-preview:large, max-video-preview:-1\" \/>\n<link rel=\"canonical\" href=\"https:\/\/reseau-lux.com\/en\/infos-pro\/\" \/>\n<meta property=\"og:locale\" content=\"en_GB\" \/>\n<meta property=\"og:type\" content=\"article\" \/>\n<meta property=\"og:title\" content=\"Infos Pro - R\u00e9seau L U X\" \/>\n<meta property=\"og:url\" content=\"https:\/\/reseau-lux.com\/en\/infos-pro\/\" \/>\n<meta property=\"og:site_name\" content=\"R\u00e9seau L U X\" \/>\n<meta property=\"article:publisher\" content=\"https:\/\/www.facebook.com\/profile.php?id=61566396772432\" \/>\n<meta property=\"article:modified_time\" content=\"2025-08-12T12:49:17+00:00\" \/>\n<meta name=\"twitter:card\" content=\"summary_large_image\" \/>\n<meta name=\"twitter:label1\" content=\"Estimated reading time\" \/>\n\t<meta name=\"twitter:data1\" content=\"6 minutes\" \/>\n<script type=\"application\/ld+json\" class=\"yoast-schema-graph\">{\"@context\":\"https:\\\/\\\/schema.org\",\"@graph\":[{\"@type\":\"WebPage\",\"@id\":\"https:\\\/\\\/reseau-lux.com\\\/infos-pro\\\/\",\"url\":\"https:\\\/\\\/reseau-lux.com\\\/infos-pro\\\/\",\"name\":\"Infos Pro - R\u00e9seau L U X\",\"isPartOf\":{\"@id\":\"https:\\\/\\\/reseau-lux.com\\\/#website\"},\"datePublished\":\"2024-09-17T16:35:42+00:00\",\"dateModified\":\"2025-08-12T12:49:17+00:00\",\"breadcrumb\":{\"@id\":\"https:\\\/\\\/reseau-lux.com\\\/infos-pro\\\/#breadcrumb\"},\"inLanguage\":\"en-GB\",\"potentialAction\":[{\"@type\":\"ReadAction\",\"target\":[\"https:\\\/\\\/reseau-lux.com\\\/infos-pro\\\/\"]}]},{\"@type\":\"BreadcrumbList\",\"@id\":\"https:\\\/\\\/reseau-lux.com\\\/infos-pro\\\/#breadcrumb\",\"itemListElement\":[{\"@type\":\"ListItem\",\"position\":1,\"name\":\"Accueil\",\"item\":\"https:\\\/\\\/reseau-lux.com\\\/\"},{\"@type\":\"ListItem\",\"position\":2,\"name\":\"Infos Pro\"}]},{\"@type\":\"WebSite\",\"@id\":\"https:\\\/\\\/reseau-lux.com\\\/#website\",\"url\":\"https:\\\/\\\/reseau-lux.com\\\/\",\"name\":\"R\u00e9seau L U X\",\"description\":\"R\u00e9seau national de festivals et foires photographiques\",\"publisher\":{\"@id\":\"https:\\\/\\\/reseau-lux.com\\\/#organization\"},\"potentialAction\":[{\"@type\":\"SearchAction\",\"target\":{\"@type\":\"EntryPoint\",\"urlTemplate\":\"https:\\\/\\\/reseau-lux.com\\\/?s={search_term_string}\"},\"query-input\":{\"@type\":\"PropertyValueSpecification\",\"valueRequired\":true,\"valueName\":\"search_term_string\"}}],\"inLanguage\":\"en-GB\"},{\"@type\":\"Organization\",\"@id\":\"https:\\\/\\\/reseau-lux.com\\\/#organization\",\"name\":\"R\u00e9seau L U X\",\"url\":\"https:\\\/\\\/reseau-lux.com\\\/\",\"logo\":{\"@type\":\"ImageObject\",\"inLanguage\":\"en-GB\",\"@id\":\"https:\\\/\\\/reseau-lux.com\\\/#\\\/schema\\\/logo\\\/image\\\/\",\"url\":\"https:\\\/\\\/reseau-lux.com\\\/wp-content\\\/uploads\\\/2024\\\/11\\\/cropped-violet-favicon-lux.png\",\"contentUrl\":\"https:\\\/\\\/reseau-lux.com\\\/wp-content\\\/uploads\\\/2024\\\/11\\\/cropped-violet-favicon-lux.png\",\"width\":512,\"height\":512,\"caption\":\"R\u00e9seau L U X\"},\"image\":{\"@id\":\"https:\\\/\\\/reseau-lux.com\\\/#\\\/schema\\\/logo\\\/image\\\/\"},\"sameAs\":[\"https:\\\/\\\/www.facebook.com\\\/profile.php?id=61566396772432\",\"https:\\\/\\\/www.instagram.com\\\/reseau_lux\\\/\",\"https:\\\/\\\/www.linkedin.com\\\/company\\\/reseau-lux\\\/\"]}]}<\/script>\n<!-- \/ Yoast SEO plugin. -->","yoast_head_json":{"title":"Infos Pro - R\u00e9seau L U X","robots":{"index":"index","follow":"follow","max-snippet":"max-snippet:-1","max-image-preview":"max-image-preview:large","max-video-preview":"max-video-preview:-1"},"canonical":"https:\/\/reseau-lux.com\/en\/infos-pro\/","og_locale":"en_GB","og_type":"article","og_title":"Infos Pro - R\u00e9seau L U X","og_url":"https:\/\/reseau-lux.com\/en\/infos-pro\/","og_site_name":"R\u00e9seau L U X","article_publisher":"https:\/\/www.facebook.com\/profile.php?id=61566396772432","article_modified_time":"2025-08-12T12:49:17+00:00","twitter_card":"summary_large_image","twitter_misc":{"Estimated reading time":"6 minutes"},"schema":{"@context":"https:\/\/schema.org","@graph":[{"@type":"WebPage","@id":"https:\/\/reseau-lux.com\/infos-pro\/","url":"https:\/\/reseau-lux.com\/infos-pro\/","name":"Infos Pro - R\u00e9seau L U X","isPartOf":{"@id":"https:\/\/reseau-lux.com\/#website"},"datePublished":"2024-09-17T16:35:42+00:00","dateModified":"2025-08-12T12:49:17+00:00","breadcrumb":{"@id":"https:\/\/reseau-lux.com\/infos-pro\/#breadcrumb"},"inLanguage":"en-GB","potentialAction":[{"@type":"ReadAction","target":["https:\/\/reseau-lux.com\/infos-pro\/"]}]},{"@type":"BreadcrumbList","@id":"https:\/\/reseau-lux.com\/infos-pro\/#breadcrumb","itemListElement":[{"@type":"ListItem","position":1,"name":"Accueil","item":"https:\/\/reseau-lux.com\/"},{"@type":"ListItem","position":2,"name":"Infos Pro"}]},{"@type":"WebSite","@id":"https:\/\/reseau-lux.com\/#website","url":"https:\/\/reseau-lux.com\/","name":"R\u00e9seau L U X","description":"R\u00e9seau national de festivals et foires photographiques","publisher":{"@id":"https:\/\/reseau-lux.com\/#organization"},"potentialAction":[{"@type":"SearchAction","target":{"@type":"EntryPoint","urlTemplate":"https:\/\/reseau-lux.com\/?s={search_term_string}"},"query-input":{"@type":"PropertyValueSpecification","valueRequired":true,"valueName":"search_term_string"}}],"inLanguage":"en-GB"},{"@type":"Organization","@id":"https:\/\/reseau-lux.com\/#organization","name":"R\u00e9seau L U X","url":"https:\/\/reseau-lux.com\/","logo":{"@type":"ImageObject","inLanguage":"en-GB","@id":"https:\/\/reseau-lux.com\/#\/schema\/logo\/image\/","url":"https:\/\/reseau-lux.com\/wp-content\/uploads\/2024\/11\/cropped-violet-favicon-lux.png","contentUrl":"https:\/\/reseau-lux.com\/wp-content\/uploads\/2024\/11\/cropped-violet-favicon-lux.png","width":512,"height":512,"caption":"R\u00e9seau L U X"},"image":{"@id":"https:\/\/reseau-lux.com\/#\/schema\/logo\/image\/"},"sameAs":["https:\/\/www.facebook.com\/profile.php?id=61566396772432","https:\/\/www.instagram.com\/reseau_lux\/","https:\/\/www.linkedin.com\/company\/reseau-lux\/"]}]}},"grid":"{\r\n  \"colCount\": 8,\r\n  \"colGutter\": 2,\r\n  \"rowGutters\": [\r\n    0,\r\n    0,\r\n    0\r\n  ],\r\n  \"frameMargin\": 5,\r\n  \"leftFrameMargin\": 2,\r\n  \"rightFrameMargin\": 2,\r\n  \"topFrameMargin\": 5,\r\n  \"mus\": {\r\n    \"colGutterMu\": \"%\",\r\n    \"rowGutterMu\": \"%\",\r\n    \"topFrameMu\": \"%\",\r\n    \"bottomFrameMu\": \"%\",\r\n    \"frameMu\": \"%\"\r\n  },\r\n  \"bottomFrameMargin\": 0,\r\n  \"rowAttrs\": [\r\n    {\r\n      \"relid\": 1,\r\n      \"html_id\": \"liste\"\r\n    },\r\n    {\r\n      \"relid\": 14\r\n    },\r\n    {\r\n      \"relid\": 6\r\n    },\r\n    {\r\n      \"collapse\": false,\r\n      \"relid\": 3\r\n    }\r\n  ],\r\n  \"bgColor\": null,\r\n  \"bgImage\": null,\r\n  \"cont\": [\r\n    {\r\n      \"type\": \"text\",\r\n      \"cont\": \"<h1 class=\\\"_LUX_Titres\\\">Festivals et foires \u00e0 venir <\/h1><p>\u00a0<\/p>\",\r\n      \"align\": \"top\",\r\n      \"row\": 0,\r\n      \"col\": 2,\r\n      \"colspan\": 4,\r\n      \"offsetx\": 0,\r\n      \"offsety\": 0,\r\n      \"spaceabove\": 5,\r\n      \"spacebelow\": 0,\r\n      \"yvel\": 1,\r\n      \"push\": 2,\r\n      \"relid\": 2,\r\n      \"absolute_position\": false\r\n    },\r\n    {\r\n      \"type\": \"text\",\r\n      \"cont\": \"<p class=\\\"_LUX_Soustitres\\\"><span style=\\\"font-weight: 400;\\\">Retrouvez toutes les informations des membres du R\u00e9seau LUX : dates des foires et festivals, appel \u00e0 candidatures, lectures de portfolio et r\u00e9sidences.<\/span><\/p>\",\r\n      \"align\": \"top\",\r\n      \"row\": 1,\r\n      \"col\": 2,\r\n      \"colspan\": 4,\r\n      \"offsetx\": 0,\r\n      \"offsety\": 0,\r\n      \"spaceabove\": 5,\r\n      \"spacebelow\": 0,\r\n      \"yvel\": 1,\r\n      \"push\": 2,\r\n      \"relid\": 15,\r\n      \"absolute_position\": false\r\n    },\r\n    {\r\n      \"type\": \"text\",\r\n      \"cont\": \"<p class=\\\"_FILTRE\\\"><a href=\\\"#expandrow\\\" data-expand=\\\"3\\\" data-animation=\\\"400\\\" data-animationtiming=\\\"cubic-bezier(0.17,0.84,0.44,1)\\\" data-collapseotherrows=\\\"true\\\" data-scrolltoexpandedrow=\\\"false\\\"><span>\u2b24\u00a0<\/span>touS<\/a> <a href=\\\"#expandrow\\\" data-expand=\\\"18\\\" data-animation=\\\"400\\\" data-animationtiming=\\\"cubic-bezier(0.17,0.84,0.44,1)\\\" data-collapseotherrows=\\\"true\\\" data-scrolltoexpandedrow=\\\"false\\\"><span>\u2b24\u00a0<\/span>dates\u00a0des\u00a0festivals<\/a> <a href=\\\"#expandrow\\\" data-expand=\\\"20\\\" data-animation=\\\"400\\\" data-animationtiming=\\\"cubic-bezier(0.17,0.84,0.44,1)\\\" data-collapseotherrows=\\\"true\\\" data-scrolltoexpandedrow=\\\"false\\\"><span>\u2b24\u00a0<\/span>appels\u00a0\u00e0\u00a0candidatures<\/a> <a href=\\\"#expandrow\\\" data-expand=\\\"22\\\" data-animation=\\\"400\\\" data-animationtiming=\\\"cubic-bezier(0.17,0.84,0.44,1)\\\" data-collapseotherrows=\\\"true\\\" data-scrolltoexpandedrow=\\\"false\\\"><span>\u2b24\u00a0<\/span>r\u00e9sidences<\/a> <a href=\\\"#expandrow\\\" data-expand=\\\"24\\\" data-animation=\\\"400\\\" data-animationtiming=\\\"cubic-bezier(0.17,0.84,0.44,1)\\\" data-collapseotherrows=\\\"true\\\" data-scrolltoexpandedrow=\\\"false\\\"><span>\u2b24\u00a0<\/span>lectures de\u00a0portfolios<\/a> <a href=\\\"#expandrow\\\" data-expand=\\\"8\\\" data-animation=\\\"400\\\" data-animationtiming=\\\"cubic-bezier(0.17,0.84,0.44,1)\\\" data-collapseotherrows=\\\"true\\\" data-scrolltoexpandedrow=\\\"false\\\"><span>\u2b24\u00a0<\/span>prix<\/a><\/p>\",\r\n      \"align\": \"top\",\r\n      \"row\": 2,\r\n      \"col\": 2,\r\n      \"colspan\": 6,\r\n      \"offsetx\": 0,\r\n      \"offsety\": 0,\r\n      \"spaceabove\": 5,\r\n      \"spacebelow\": 3,\r\n      \"yvel\": 1,\r\n      \"push\": 2,\r\n      \"relid\": 7,\r\n      \"absolute_position\": false\r\n    },\r\n    {\r\n      \"type\": \"news\",\r\n      \"cont\": \"\",\r\n      \"align\": \"top\",\r\n      \"row\": 3,\r\n      \"col\": 2,\r\n      \"colspan\": 4,\r\n      \"offsetx\": 0,\r\n      \"offsety\": 0,\r\n      \"spaceabove\": 0,\r\n      \"spacebelow\": 0,\r\n      \"yvel\": 1,\r\n      \"push\": 2,\r\n      \"relid\": 4,\r\n      \"config\": {\r\n        \"layout\": \"list\",\r\n        \"orderBy\": \"date\",\r\n        \"titleColor\": \"#000000\",\r\n        \"dateColor\": \"#000000\",\r\n        \"lineColor\": \"#000000\",\r\n        \"uniqueId\": 1726590946007,\r\n        \"title_textformat\": \"Default\",\r\n        \"show_title\": false,\r\n        \"date_textformat\": \"Default\",\r\n        \"excerpt_textformat\": \"Default\",\r\n        \"excerpt_spacetop\": 10,\r\n        \"separator_textformat\": \"Default\",\r\n        \"separator_text\": \"\u2013\",\r\n        \"separator_space\": 5,\r\n        \"line\": true,\r\n        \"space_below_line\": \"10\",\r\n        \"space_above_line\": \"10\",\r\n        \"show_separator\": false,\r\n        \"show_excerpt\": true,\r\n        \"show_date\": false,\r\n        \"date_format\": \"m.d.y\",\r\n        \"show_read_more\": false,\r\n        \"readmore_textformat\": \"Default\",\r\n        \"readmore_spacetop\": 0,\r\n        \"read_more_text\": \"Read more\u2026\",\r\n        \"read_more_underline\": true,\r\n        \"amount\": \"50\",\r\n        \"image_spaceright\": 10,\r\n        \"imageSpaceBottom\": 10,\r\n        \"show_date_first\": false,\r\n        \"cat_id\": 6,\r\n        \"desktop\": {\r\n          \"image_width\": 180,\r\n          \"colCount\": 4,\r\n          \"colGutter\": 20,\r\n          \"rowGutter\": 20,\r\n          \"colGutterMu\": \"px\",\r\n          \"rowGutterMu\": \"px\"\r\n        },\r\n        \"tablet\": {\r\n          \"image_width\": 150,\r\n          \"colCount\": 3,\r\n          \"colGutter\": 20,\r\n          \"rowGutter\": 20,\r\n          \"colGutterMu\": \"px\",\r\n          \"rowGutterMu\": \"px\"\r\n        },\r\n        \"phone\": {\r\n          \"image_width\": 100,\r\n          \"colCount\": 2,\r\n          \"colGutter\": 20,\r\n          \"rowGutter\": 20,\r\n          \"colGutterMu\": \"px\",\r\n          \"rowGutterMu\": \"px\"\r\n        },\r\n        \"columnsLayoutType\": \"top-aligned\",\r\n        \"showMoreButton\": false,\r\n        \"showMoreButtonStyle\": \"laybutton2\",\r\n        \"moreButtonText\": \"+ Voir plus\",\r\n        \"moreButtonAlignment\": \"start\",\r\n        \"moreButtonSpaceTop\": \"15\"\r\n      },\r\n      \"absolute_position\": false\r\n    }\r\n  ]\r\n}","phonegrid":"","_links":{"self":[{"href":"https:\/\/reseau-lux.com\/en\/wp-json\/wp\/v2\/pages\/132","targetHints":{"allow":["GET"]}}],"collection":[{"href":"https:\/\/reseau-lux.com\/en\/wp-json\/wp\/v2\/pages"}],"about":[{"href":"https:\/\/reseau-lux.com\/en\/wp-json\/wp\/v2\/types\/page"}],"author":[{"embeddable":true,"href":"https:\/\/reseau-lux.com\/en\/wp-json\/wp\/v2\/users\/1"}],"replies":[{"embeddable":true,"href":"https:\/\/reseau-lux.com\/en\/wp-json\/wp\/v2\/comments?post=132"}],"version-history":[{"count":0,"href":"https:\/\/reseau-lux.com\/en\/wp-json\/wp\/v2\/pages\/132\/revisions"}],"wp:attachment":[{"href":"https:\/\/reseau-lux.com\/en\/wp-json\/wp\/v2\/media?parent=132"}],"curies":[{"name":"wp","href":"https:\/\/api.w.org\/{rel}","templated":true}]}}